{"id":2005,"date":"2020-01-31T11:57:11","date_gmt":"2020-01-31T10:57:11","guid":{"rendered":"https:\/\/www.chateaudefretoy.com\/?page_id=2005"},"modified":"2023-06-06T18:11:57","modified_gmt":"2023-06-06T16:11:57","slug":"plan-des-etages","status":"publish","type":"page","link":"https:\/\/www.chateaudefretoy.com\/en\/plan-des-etages\/","title":{"rendered":"Plan des \u00e9tages"},"content":{"rendered":"<p>[et_pb_section fb_built=\u00a0\u00bb1&Prime; _builder_version=\u00a0\u00bb3.26.5&Prime; background_color=\u00a0\u00bb#01034D\u00a0\u00bb custom_padding=\u00a0\u00bb||50px||false|false\u00a0\u00bb][et_pb_row _builder_version=\u00a0\u00bb3.26.5&Prime;][et_pb_column type=\u00a0\u00bb4_4&Prime; _builder_version=\u00a0\u00bb3.26.5&Prime;][et_pb_text disabled_on=\u00a0\u00bbon|on|off\u00a0\u00bb _builder_version=\u00a0\u00bb3.27.4&Prime; text_orientation=\u00a0\u00bbcenter\u00a0\u00bb custom_margin=\u00a0\u00bb0px||0px||true|false\u00a0\u00bb custom_padding=\u00a0\u00bb||||false|false\u00a0\u00bb text_text_align=\u00a0\u00bbcenter\u00a0\u00bb]<span style=\"font-family: 'Cinzel', serif;font-size:450%;color:white;\">Le ch\u00e2teau<\/span><br \/>\n<span style=\"font-family: 'Great Vibes', cursive;color:#D17C00; font-size:450%\">le plan des \u00e9tages<\/span>[\/et_pb_text][et_pb_text disabled_on=\u00a0\u00bboff|off|on\u00a0\u00bb _builder_version=\u00a0\u00bb3.27.4&Prime; text_orientation=\u00a0\u00bbcenter\u00a0\u00bb custom_margin=\u00a0\u00bb0px||0px||true|false\u00a0\u00bb custom_padding=\u00a0\u00bb||||false|false\u00a0\u00bb text_text_align=\u00a0\u00bbcenter\u00a0\u00bb]<span style=\"font-family: 'Cinzel', serif;font-size:10vw;color:white;\">Le ch\u00e2teau<\/span><br \/>\n<span style=\"font-family: 'Great Vibes', cursive;color:#D17C00; font-size:10vw\">le plan des \u00e9tages<\/span>[\/et_pb_text][\/et_pb_column][\/et_pb_row][\/et_pb_section][et_pb_section fb_built=\u00a0\u00bb1&Prime; _builder_version=\u00a0\u00bb3.26.5&Prime; custom_padding=\u00a0\u00bb0px|||||\u00a0\u00bb][et_pb_row _builder_version=\u00a0\u00bb4.2.2&Prime; width=\u00a0\u00bb61%\u00a0\u00bb hover_enabled=\u00a0\u00bb0&Prime; width_last_edited=\u00a0\u00bbon|phone\u00a0\u00bb width_phone=\u00a0\u00bb88%\u00a0\u00bb][et_pb_column type=\u00a0\u00bb4_4&Prime; _builder_version=\u00a0\u00bb3.26.5&Prime;][et_pb_text _builder_version=\u00a0\u00bb4.2.2&Prime; text_font_size=\u00a0\u00bb17px\u00a0\u00bb header_font_size=\u00a0\u00bb37px\u00a0\u00bb custom_padding=\u00a0\u00bb25px||25px||true|false\u00a0\u00bb border_width_all=\u00a0\u00bb2px\u00a0\u00bb border_color_all=\u00a0\u00bb#D17C00&Prime;]<\/p>\n<h1 style=\"text-align: center;\">Plan int\u00e9ractif<\/h1>\n<p style=\"text-align: center;\">Cliquez sur l&rsquo;ic\u00f4ne des pi\u00e8ces pour en savoir plus.<\/p>\n<p>[\/et_pb_text][et_pb_code _builder_version=\u00a0\u00bb4.2.2&Prime;]<div id=\"image-map-pro-6258\"><\/div>[\/et_pb_code][\/et_pb_column][\/et_pb_row][\/et_pb_section][et_pb_section fb_built=\u00a0\u00bb1&Prime; _builder_version=\u00a0\u00bb3.26.8&Prime; background_color=\u00a0\u00bb#01034D\u00a0\u00bb max_height=\u00a0\u00bb100px\u00a0\u00bb max_height_tablet=\u00a0\u00bb\u00a0\u00bb max_height_phone=\u00a0\u00bb\u00a0\u00bb max_height_last_edited=\u00a0\u00bbon|tablet\u00a0\u00bb custom_padding=\u00a0\u00bb20px||20px||false|false\u00a0\u00bb global_module=\u00a0\u00bb1232&Prime; saved_tabs=\u00a0\u00bball\u00a0\u00bb][et_pb_row column_structure=\u00a0\u00bb3_5,2_5&Prime; _builder_version=\u00a0\u00bb3.26.8&Prime; width=\u00a0\u00bb70%\u00a0\u00bb width_tablet=\u00a0\u00bb\u00a0\u00bb width_phone=\u00a0\u00bb80%\u00a0\u00bb width_last_edited=\u00a0\u00bbon|desktop\u00a0\u00bb custom_padding=\u00a0\u00bb0px||0px||false|false\u00a0\u00bb custom_css_main_element=\u00a0\u00bbcolor:white!important;\u00a0\u00bb][et_pb_column type=\u00a0\u00bb3_5&Prime; _builder_version=\u00a0\u00bb3.26.8&Prime;][et_pb_text _builder_version=\u00a0\u00bb3.27.4&Prime; text_text_color=\u00a0\u00bb#ffffff\u00a0\u00bb header_text_color=\u00a0\u00bb#ffffff\u00a0\u00bb custom_css_main_element=\u00a0\u00bbcolor:white!important;\u00a0\u00bb text_text_align_tablet=\u00a0\u00bbcenter\u00a0\u00bb text_text_align_phone=\u00a0\u00bbcenter\u00a0\u00bb text_text_align_last_edited=\u00a0\u00bbon|tablet\u00a0\u00bb]<\/p>\n<p>2019 \u00a9 Copyright Ch\u00e2teau de Fr\u00e9toy. Tous droits r\u00e9serv\u00e9s. | <a href=\"https:\/\/www.chateaudefretoy.com\/mentions-legales\/\">Mentions L\u00e9gales<\/a><\/p>\n<p>[\/et_pb_text][\/et_pb_column][et_pb_column type=\u00a0\u00bb2_5&Prime; _builder_version=\u00a0\u00bb3.26.8&Prime;][et_pb_image src=\u00a0\u00bbhttps:\/\/www.chateaudefretoy.com\/wp-content\/uploads\/2019\/07\/chateau-de-fretoy_-groupe-11.png\u00a0\u00bb url=\u00a0\u00bbhttps:\/\/www.josspresumey.com\/\u00a0\u00bb url_new_window=\u00a0\u00bbon\u00a0\u00bb align=\u00a0\u00bbright\u00a0\u00bb align_tablet=\u00a0\u00bbcenter\u00a0\u00bb align_phone=\u00a0\u00bbcenter\u00a0\u00bb align_last_edited=\u00a0\u00bbon|desktop\u00a0\u00bb _builder_version=\u00a0\u00bb3.29.2&Prime;][\/et_pb_image][\/et_pb_column][\/et_pb_row][\/et_pb_section]<\/p>\n","protected":false},"excerpt":{"rendered":"<p>Le ch\u00e2teau le plan des \u00e9tagesLe ch\u00e2teau le plan des \u00e9tagesPlan int\u00e9ractif Cliquez sur l&rsquo;ic\u00f4ne des pi\u00e8ces pour en savoir plus.<div id=\"image-map-pro-6258\"><\/div>2019 \u00a9 Copyright Ch\u00e2teau de Fr\u00e9toy. All rights reserved. | <a href=\"\/en\/2019 \u00a9 Copyright Ch\u00e2teau de Fr\u00e9toy. Tous droits r\u00e9serv\u00e9s. | Mentions L\u00e9gales\/\">Terms and conditions <\/a><\/p>","protected":false},"author":1,"featured_media":0,"parent":0,"menu_order":0,"comment_status":"closed","ping_status":"closed","template":"","meta":{"_et_pb_use_builder":"on","_et_pb_old_content":"","_et_gb_content_width":"","footnotes":""},"class_list":["post-2005","page","type-page","status-publish","hentry"],"yoast_head":"<!-- This site is optimized with the Yoast SEO plugin v27.0 - https:\/\/yoast.com\/product\/yoast-seo-wordpress\/ -->\n<title>Plan des \u00e9tages | www.chateaudefretoy.com<\/title>\n<meta name=\"robots\" content=\"index, follow, max-snippet:-1, max-image-preview:large, max-video-preview:-1\" \/>\n<link rel=\"canonical\" href=\"https:\/\/www.chateaudefretoy.com\/en\/plan-des-etages\/\" \/>\n<meta property=\"og:locale\" content=\"en_GB\" \/>\n<meta property=\"og:type\" content=\"article\" \/>\n<meta property=\"og:title\" content=\"Plan des \u00e9tages | www.chateaudefretoy.com\" \/>\n<meta property=\"og:description\" content=\"Le ch\u00e2teau le plan des \u00e9tagesLe ch\u00e2teau le plan des \u00e9tagesPlan int\u00e9ractif Cliquez sur l&#039;ic\u00f4ne des pi\u00e8ces pour en savoir plus.2019 \u00a9 Copyright Ch\u00e2teau de Fr\u00e9toy. Tous droits r\u00e9serv\u00e9s. | Mentions L\u00e9gales\" \/>\n<meta property=\"og:url\" content=\"https:\/\/www.chateaudefretoy.com\/en\/plan-des-etages\/\" \/>\n<meta property=\"og:site_name\" content=\"www.chateaudefretoy.com\" \/>\n<meta property=\"article:publisher\" content=\"https:\/\/www.facebook.com\/chateaudefretoy\/\" \/>\n<meta property=\"article:modified_time\" content=\"2023-06-06T16:11:57+00:00\" \/>\n<meta name=\"twitter:card\" content=\"summary_large_image\" \/>\n<meta name=\"twitter:label1\" content=\"Estimated reading time\" \/>\n\t<meta name=\"twitter:data1\" content=\"2 minutes\" \/>\n<script type=\"application\/ld+json\" class=\"yoast-schema-graph\">{\"@context\":\"https:\/\/schema.org\",\"@graph\":[{\"@type\":\"WebPage\",\"@id\":\"https:\/\/www.chateaudefretoy.com\/plan-des-etages\/\",\"url\":\"https:\/\/www.chateaudefretoy.com\/plan-des-etages\/\",\"name\":\"Plan des \u00e9tages | www.chateaudefretoy.com\",\"isPartOf\":{\"@id\":\"https:\/\/www.chateaudefretoy.com\/#website\"},\"datePublished\":\"2020-01-31T10:57:11+00:00\",\"dateModified\":\"2023-06-06T16:11:57+00:00\",\"breadcrumb\":{\"@id\":\"https:\/\/www.chateaudefretoy.com\/plan-des-etages\/#breadcrumb\"},\"inLanguage\":\"en-GB\",\"potentialAction\":[{\"@type\":\"ReadAction\",\"target\":[\"https:\/\/www.chateaudefretoy.com\/plan-des-etages\/\"]}]},{\"@type\":\"BreadcrumbList\",\"@id\":\"https:\/\/www.chateaudefretoy.com\/plan-des-etages\/#breadcrumb\",\"itemListElement\":[{\"@type\":\"ListItem\",\"position\":1,\"name\":\"Accueil\",\"item\":\"https:\/\/www.chateaudefretoy.com\/\"},{\"@type\":\"ListItem\",\"position\":2,\"name\":\"Plan des \u00e9tages\"}]},{\"@type\":\"WebSite\",\"@id\":\"https:\/\/www.chateaudefretoy.com\/#website\",\"url\":\"https:\/\/www.chateaudefretoy.com\/\",\"name\":\"Ch\u00e2teau de Fretoy\",\"description\":\"Votre ch\u00e2teau en Bourgogne\",\"publisher\":{\"@id\":\"https:\/\/www.chateaudefretoy.com\/#organization\"},\"potentialAction\":[{\"@type\":\"SearchAction\",\"target\":{\"@type\":\"EntryPoint\",\"urlTemplate\":\"https:\/\/www.chateaudefretoy.com\/?s={search_term_string}\"},\"query-input\":{\"@type\":\"PropertyValueSpecification\",\"valueRequired\":true,\"valueName\":\"search_term_string\"}}],\"inLanguage\":\"en-GB\"},{\"@type\":\"Organization\",\"@id\":\"https:\/\/www.chateaudefretoy.com\/#organization\",\"name\":\"Ch\u00e2teau de Fr\u00e9toy\",\"url\":\"https:\/\/www.chateaudefretoy.com\/\",\"logo\":{\"@type\":\"ImageObject\",\"inLanguage\":\"en-GB\",\"@id\":\"https:\/\/www.chateaudefretoy.com\/#\/schema\/logo\/image\/\",\"url\":\"https:\/\/www.chateaudefretoy.com\/wp-content\/uploads\/2019\/08\/logo2.png\",\"contentUrl\":\"https:\/\/www.chateaudefretoy.com\/wp-content\/uploads\/2019\/08\/logo2.png\",\"width\":200,\"height\":86,\"caption\":\"Ch\u00e2teau de Fr\u00e9toy\"},\"image\":{\"@id\":\"https:\/\/www.chateaudefretoy.com\/#\/schema\/logo\/image\/\"},\"sameAs\":[\"https:\/\/www.facebook.com\/chateaudefretoy\/\",\"https:\/\/www.instagram.com\/explore\/locations\/203385366369851\/chateau-de-fretoy\/\"]}]}<\/script>\n<!-- \/ Yoast SEO plugin. -->","yoast_head_json":{"title":"Plan des \u00e9tages | www.chateaudefretoy.com","robots":{"index":"index","follow":"follow","max-snippet":"max-snippet:-1","max-image-preview":"max-image-preview:large","max-video-preview":"max-video-preview:-1"},"canonical":"https:\/\/www.chateaudefretoy.com\/en\/plan-des-etages\/","og_locale":"en_GB","og_type":"article","og_title":"Plan des \u00e9tages | www.chateaudefretoy.com","og_description":"Le ch\u00e2teau le plan des \u00e9tagesLe ch\u00e2teau le plan des \u00e9tagesPlan int\u00e9ractif Cliquez sur l'ic\u00f4ne des pi\u00e8ces pour en savoir plus.2019 \u00a9 Copyright Ch\u00e2teau de Fr\u00e9toy. Tous droits r\u00e9serv\u00e9s. | Mentions L\u00e9gales","og_url":"https:\/\/www.chateaudefretoy.com\/en\/plan-des-etages\/","og_site_name":"www.chateaudefretoy.com","article_publisher":"https:\/\/www.facebook.com\/chateaudefretoy\/","article_modified_time":"2023-06-06T16:11:57+00:00","twitter_card":"summary_large_image","twitter_misc":{"Estimated reading time":"2 minutes"},"schema":{"@context":"https:\/\/schema.org","@graph":[{"@type":"WebPage","@id":"https:\/\/www.chateaudefretoy.com\/plan-des-etages\/","url":"https:\/\/www.chateaudefretoy.com\/plan-des-etages\/","name":"Plan des \u00e9tages | www.chateaudefretoy.com","isPartOf":{"@id":"https:\/\/www.chateaudefretoy.com\/#website"},"datePublished":"2020-01-31T10:57:11+00:00","dateModified":"2023-06-06T16:11:57+00:00","breadcrumb":{"@id":"https:\/\/www.chateaudefretoy.com\/plan-des-etages\/#breadcrumb"},"inLanguage":"en-GB","potentialAction":[{"@type":"ReadAction","target":["https:\/\/www.chateaudefretoy.com\/plan-des-etages\/"]}]},{"@type":"BreadcrumbList","@id":"https:\/\/www.chateaudefretoy.com\/plan-des-etages\/#breadcrumb","itemListElement":[{"@type":"ListItem","position":1,"name":"Accueil","item":"https:\/\/www.chateaudefretoy.com\/"},{"@type":"ListItem","position":2,"name":"Plan des \u00e9tages"}]},{"@type":"WebSite","@id":"https:\/\/www.chateaudefretoy.com\/#website","url":"https:\/\/www.chateaudefretoy.com\/","name":"Ch\u00e2teau de Fretoy","description":"Votre ch\u00e2teau en Bourgogne","publisher":{"@id":"https:\/\/www.chateaudefretoy.com\/#organization"},"potentialAction":[{"@type":"SearchAction","target":{"@type":"EntryPoint","urlTemplate":"https:\/\/www.chateaudefretoy.com\/?s={search_term_string}"},"query-input":{"@type":"PropertyValueSpecification","valueRequired":true,"valueName":"search_term_string"}}],"inLanguage":"en-GB"},{"@type":"Organization","@id":"https:\/\/www.chateaudefretoy.com\/#organization","name":"Ch\u00e2teau de Fr\u00e9toy","url":"https:\/\/www.chateaudefretoy.com\/","logo":{"@type":"ImageObject","inLanguage":"en-GB","@id":"https:\/\/www.chateaudefretoy.com\/#\/schema\/logo\/image\/","url":"https:\/\/www.chateaudefretoy.com\/wp-content\/uploads\/2019\/08\/logo2.png","contentUrl":"https:\/\/www.chateaudefretoy.com\/wp-content\/uploads\/2019\/08\/logo2.png","width":200,"height":86,"caption":"Ch\u00e2teau de Fr\u00e9toy"},"image":{"@id":"https:\/\/www.chateaudefretoy.com\/#\/schema\/logo\/image\/"},"sameAs":["https:\/\/www.facebook.com\/chateaudefretoy\/","https:\/\/www.instagram.com\/explore\/locations\/203385366369851\/chateau-de-fretoy\/"]}]}},"_links":{"self":[{"href":"https:\/\/www.chateaudefretoy.com\/en\/wp-json\/wp\/v2\/pages\/2005","targetHints":{"allow":["GET"]}}],"collection":[{"href":"https:\/\/www.chateaudefretoy.com\/en\/wp-json\/wp\/v2\/pages"}],"about":[{"href":"https:\/\/www.chateaudefretoy.com\/en\/wp-json\/wp\/v2\/types\/page"}],"author":[{"embeddable":true,"href":"https:\/\/www.chateaudefretoy.com\/en\/wp-json\/wp\/v2\/users\/1"}],"replies":[{"embeddable":true,"href":"https:\/\/www.chateaudefretoy.com\/en\/wp-json\/wp\/v2\/comments?post=2005"}],"version-history":[{"count":10,"href":"https:\/\/www.chateaudefretoy.com\/en\/wp-json\/wp\/v2\/pages\/2005\/revisions"}],"predecessor-version":[{"id":6758,"href":"https:\/\/www.chateaudefretoy.com\/en\/wp-json\/wp\/v2\/pages\/2005\/revisions\/6758"}],"wp:attachment":[{"href":"https:\/\/www.chateaudefretoy.com\/en\/wp-json\/wp\/v2\/media?parent=2005"}],"curies":[{"name":"wp","href":"https:\/\/api.w.org\/{rel}","templated":true}]}}